{"id":765,"date":"2023-07-11T11:44:43","date_gmt":"2023-07-11T14:44:43","guid":{"rendered":"https:\/\/www.doxsg.com\/?page_id=765"},"modified":"2023-10-11T14:49:01","modified_gmt":"2023-10-11T17:49:01","slug":"greendocs","status":"publish","type":"page","link":"https:\/\/www.doxsg.com\/?page_id=765","title":{"rendered":"Greendocs"},"content":{"rendered":"\n<div class=\"wp-block-uagb-container uagb-block-821024aa alignfull uagb-is-root-container\"><div class=\"uagb-container-inner-blocks-wrap\">\n<div class=\"wp-block-uagb-image aligncenter uagb-block-bdcc9453 wp-block-uagb-image--layout-default wp-block-uagb-image--effect-static wp-block-uagb-image--align-center\"><figure class=\"wp-block-uagb-image__figure\"><img decoding=\"async\" srcset=\"https:\/\/www.doxsg.com\/wp-content\/uploads\/2023\/07\/Logo_Greendocs_noW3K-1024x136.png ,https:\/\/www.doxsg.com\/wp-content\/uploads\/2023\/07\/Logo_Greendocs_noW3K.png 780w, https:\/\/www.doxsg.com\/wp-content\/uploads\/2023\/07\/Logo_Greendocs_noW3K.png 360w\" sizes=\"auto, (max-width: 480px) 150px\" src=\"https:\/\/www.doxsg.com\/wp-content\/uploads\/2023\/07\/Logo_Greendocs_noW3K-1024x136.png\" alt=\"\" class=\"uag-image-675\" width=\"1024\" height=\"136\" title=\"\" loading=\"lazy\"\/><\/figure><\/div>\n<\/div><\/div>\n\n\n\n<div class=\"wp-block-uagb-container uagb-block-abeba660 alignfull uagb-is-root-container\"><div class=\"uagb-container-inner-blocks-wrap\">\n<div class=\"wp-block-uagb-container uagb-block-8c951a00\">\n<div class=\"wp-block-columns are-vertically-aligned-center is-layout-flex wp-container-core-columns-is-layout-28f84493 wp-block-columns-is-layout-flex\">\n<div class=\"wp-block-column is-vertically-aligned-center is-layout-flow wp-block-column-is-layout-flow\">\n<div class=\"wp-block-uagb-image uagb-block-d7f5b0ec wp-block-uagb-image--layout-default wp-block-uagb-image--effect-static wp-block-uagb-image--align-none\"><figure class=\"wp-block-uagb-image__figure\"><img decoding=\"async\" srcset=\"https:\/\/www.doxsg.com\/wp-content\/uploads\/2023\/07\/Quebra-Cabecas-2.png ,https:\/\/www.doxsg.com\/wp-content\/uploads\/2023\/07\/Quebra-Cabecas-2.png 780w, https:\/\/www.doxsg.com\/wp-content\/uploads\/2023\/07\/Quebra-Cabecas-2.png 360w\" sizes=\"auto, (max-width: 480px) 150px\" src=\"https:\/\/www.doxsg.com\/wp-content\/uploads\/2023\/07\/Quebra-Cabecas-2.png\" alt=\"\" class=\"uag-image-832\" width=\"448\" height=\"488\" title=\"\" loading=\"lazy\"\/><\/figure><\/div>\n<\/div>\n\n\n\n<div class=\"wp-block-column is-vertically-aligned-center is-layout-flow wp-block-column-is-layout-flow\">\n<h4 class=\"wp-block-heading\">OPORTUNIDADES DE MELHORIA EM SEUS PROCESSOS<\/h4>\n\n\n\n<p>Que problemas somos especialistas em resolver<\/p>\n\n\n\n<p>\u200b<strong>DADOS N\u00c3O ESTRUTURADOS<\/strong><\/p>\n\n\n\n<ul class=\"wp-block-list\">\n<li>Perda de governan\u00e7a da informa\u00e7\u00e3o;<\/li>\n\n\n\n<li>Respostas lentas ao neg\u00f3cio;<\/li>\n\n\n\n<li>Processos n\u00e3o escal\u00e1veis;<\/li>\n\n\n\n<li>Falta de respaldo legal<\/li>\n<\/ul>\n<\/div>\n<\/div>\n\n\n\n<div class=\"wp-block-uagb-container uagb-block-ea48f487\">\n<div class=\"wp-block-columns is-layout-flex wp-container-core-columns-is-layout-28f84493 wp-block-columns-is-layout-flex\">\n<div class=\"wp-block-column is-vertically-aligned-center is-layout-flow wp-block-column-is-layout-flow\">\n<h4 class=\"wp-block-heading\">A SOLU\u00c7\u00c3O GREENDOCS<\/h4>\n\n\n\n<p>Apoia a modelagem, virtualiza\u00e7\u00e3o e automatiza\u00e7\u00e3o dos processos.<\/p>\n\n\n\n<p><strong>\u200bALGUNS DOS GANHOS OBTIDOS:<\/strong><\/p>\n\n\n\n<ul class=\"wp-block-list\">\n<li>Maior alinhamento e integra\u00e7\u00e3o de processos;<\/li>\n\n\n\n<li>Informa\u00e7\u00e3o facilmente audit\u00e1vel;<\/li>\n\n\n\n<li>Monitoramento de atividades;<\/li>\n\n\n\n<li>Melhor tempo de resposta;<\/li>\n\n\n\n<li>Obten\u00e7\u00e3o de indicadores em tempo real;<\/li>\n\n\n\n<li>Seguran\u00e7a da informa\u00e7\u00e3o;<\/li>\n\n\n\n<li>Certifica\u00e7\u00e3o Digi<\/li>\n<\/ul>\n<\/div>\n\n\n\n<div class=\"wp-block-column is-vertically-aligned-center is-layout-flow wp-block-column-is-layout-flow\">\n<figure class=\"wp-block-image aligncenter is-resized\"><img decoding=\"async\" src=\"https:\/\/w3k.com.br\/wp-content\/uploads\/2021\/04\/Quebra-Cabecas-1.png\" alt=\"Metodologia-BPM-BPMS\" width=\"420\" height=\"414\"\/><\/figure>\n<\/div>\n<\/div>\n<\/div>\n<\/div>\n<\/div><\/div>\n\n\n\n<div class=\"wp-block-uagb-container uagb-block-c1a4de59 alignfull uagb-is-root-container\"><div class=\"uagb-container-inner-blocks-wrap\">\n<h4 class=\"wp-block-heading has-text-align-center\">PLATAFORMA GREENDOCS<\/h4>\n\n\n\n<p class=\"has-text-align-center\">Greendocs \u00e9 uma plataforma de gerenciamento de documentos adapt\u00e1vel e flex\u00edvel \u00e0s estruturas e processos j\u00e1 existentes nas empresas. Facilita a gest\u00e3o da informa\u00e7\u00e3o com acesso e colabora\u00e7\u00e3o, sem perder foco em seguran\u00e7a, rastreabilidade e conformidade.<\/p>\n<\/div><\/div>\n\n\n\n<div class=\"wp-block-uagb-container uagb-block-083e8884 alignfull uagb-is-root-container\"><div class=\"uagb-container-inner-blocks-wrap\">\n<div class=\"wp-block-uagb-container uagb-block-49b09edb\">\n<figure class=\"wp-block-image\"><img decoding=\"async\" src=\"https:\/\/w3k.com.br\/wp-content\/uploads\/2021\/04\/Plataforma-Greendocs-Animado.gif\" alt=\"Gestao Escalavel Plataforma ECM BPMS\"\/><\/figure>\n<\/div>\n\n\n\n<div class=\"wp-block-uagb-container uagb-block-1f769cf1\">\n<ul class=\"wp-block-list\">\n<li>Versatilidade: ECM e BPMS na mesma plataforma<\/li>\n\n\n\n<li>Modelagem e Implanta\u00e7\u00e3o r\u00e1pida de aplica\u00e7\u00f5es de neg\u00f3cio<\/li>\n\n\n\n<li>Escalabilidade: De departamental a corporativo, de pequenos volumes a grandes volumes<\/li>\n\n\n\n<li>Compatibilidade com Ambiente Tecnol\u00f3gico e melhores pr\u00e1ticas de TI<\/li>\n\n\n\n<li>Op\u00e7\u00f5es On Premise \/ On Cloud<\/li>\n<\/ul>\n<\/div>\n<\/div><\/div>\n\n\n\n<div class=\"wp-block-uagb-container uagb-block-d3b580db alignfull uagb-is-root-container\"><div class=\"uagb-container-inner-blocks-wrap\">\n<p class=\"has-text-align-center\">Desenvolvido para otimizar o gerenciamento do conte\u00fado corporativo, automatizar processos e apoiar a governan\u00e7a da informa\u00e7\u00e3o, diminuindo riscos de seguran\u00e7a que dificultam o \u201ccompliance\u201d.<\/p>\n<\/div><\/div>\n\n\n\n<div class=\"wp-block-uagb-container uagb-block-7cf116fe alignfull uagb-is-root-container\"><div class=\"uagb-container-inner-blocks-wrap\">\n<div class=\"wp-block-uagb-container uagb-block-7822b14e\">\n<p><strong>A&nbsp;PLATAFORMA GREENDOCS<\/strong>&nbsp;possibilita o gerenciamento de documentos e processos de neg\u00f3cio na mesma plataforma, trazendo mais fluidez a processos e projetos. \u00c9 um sistema configur\u00e1vel de acordo com o modelo de neg\u00f3cio dos seus clientes.&nbsp;\u00c9 uma plataforma robusta, mas muito flex\u00edvel. Atende diversos setores, pois se configura conforme necessidades apresentadas. Permite evolu\u00e7\u00e3o da plataforma mesmo ap\u00f3s a implanta\u00e7\u00e3o. Hoje possui ambientes j\u00e1 em utiliza\u00e7\u00e3o nos setores: ind\u00fastria, projetos de capital, jur\u00eddico, engenharia, educacional, sa\u00fade e diversas \u00e1reas administrativas.<\/p>\n<\/div>\n\n\n\n<div class=\"wp-block-uagb-container uagb-block-fefcddbe\">\n<figure class=\"wp-block-image\"><img decoding=\"async\" src=\"https:\/\/w3k.com.br\/wp-content\/uploads\/2021\/04\/Databook-tela-1883453-1920-1-2-1024x867.jpg\" alt=\"Data Book Digital GED ECM BPM\"\/><\/figure>\n<\/div>\n<\/div><\/div>\n","protected":false},"excerpt":{"rendered":"<p>OPORTUNIDADES DE MELHORIA EM SEUS PROCESSOS Que problemas somos especialistas em resolver \u200bDADOS N\u00c3O ESTRUTURADOS A SOLU\u00c7\u00c3O GREENDOCS Apoia a modelagem, virtualiza\u00e7\u00e3o e automatiza\u00e7\u00e3o dos processos. \u200bALGUNS DOS GANHOS OBTIDOS: PLATAFORMA GREENDOCS Greendocs \u00e9 uma plataforma de gerenciamento de documentos adapt\u00e1vel e flex\u00edvel \u00e0s estruturas e processos j\u00e1 existentes nas empresas. Facilita a gest\u00e3o da [&hellip;]<\/p>\n","protected":false},"author":1,"featured_media":0,"parent":0,"menu_order":0,"comment_status":"closed","ping_status":"closed","template":"","meta":{"_uag_custom_page_level_css":"","_monsterinsights_skip_tracking":false,"_monsterinsights_sitenote_active":false,"_monsterinsights_sitenote_note":"","_monsterinsights_sitenote_category":0,"site-sidebar-layout":"default","site-content-layout":"","ast-site-content-layout":"default","site-content-style":"default","site-sidebar-style":"default","ast-global-header-display":"","ast-banner-title-visibility":"","ast-main-header-display":"","ast-hfb-above-header-display":"","ast-hfb-below-header-display":"","ast-hfb-mobile-header-display":"","site-post-title":"disabled","ast-breadcrumbs-content":"","ast-featured-img":"","footer-sml-layout":"","ast-disable-related-posts":"","theme-transparent-header-meta":"","adv-header-id-meta":"","stick-header-meta":"","header-above-stick-meta":"","header-main-stick-meta":"","header-below-stick-meta":"","astra-migrate-meta-layouts":"set","ast-page-background-enabled":"default","ast-page-background-meta":{"desktop":{"background-color":"var(--ast-global-color-4)","background-image":"","background-repeat":"repeat","background-position":"center center","background-size":"auto","background-attachment":"scroll","background-type":"","background-media":"","overlay-type":"","overlay-color":"","overlay-opacity":"","overlay-gradient":""},"tablet":{"background-color":"","background-image":"","background-repeat":"repeat","background-position":"center center","background-size":"auto","background-attachment":"scroll","background-type":"","background-media":"","overlay-type":"","overlay-color":"","overlay-opacity":"","overlay-gradient":""},"mobile":{"background-color":"","background-image":"","background-repeat":"repeat","background-position":"center center","background-size":"auto","background-attachment":"scroll","background-type":"","background-media":"","overlay-type":"","overlay-color":"","overlay-opacity":"","overlay-gradient":""}},"ast-content-background-meta":{"desktop":{"background-color":"var(--ast-global-color-5)","background-image":"","background-repeat":"repeat","background-position":"center center","background-size":"auto","background-attachment":"scroll","background-type":"","background-media":"","overlay-type":"","overlay-color":"","overlay-opacity":"","overlay-gradient":""},"tablet":{"background-color":"var(--ast-global-color-5)","background-image":"","background-repeat":"repeat","background-position":"center center","background-size":"auto","background-attachment":"scroll","background-type":"","background-media":"","overlay-type":"","overlay-color":"","overlay-opacity":"","overlay-gradient":""},"mobile":{"background-color":"var(--ast-global-color-5)","background-image":"","background-repeat":"repeat","background-position":"center center","background-size":"auto","background-attachment":"scroll","background-type":"","background-media":"","overlay-type":"","overlay-color":"","overlay-opacity":"","overlay-gradient":""}},"_joinchat":[],"footnotes":""},"class_list":["post-765","page","type-page","status-publish","hentry"],"yoast_head":"<!-- This site is optimized with the Yoast SEO plugin v27.5 - https:\/\/yoast.com\/product\/yoast-seo-wordpress\/ -->\n<title>Greendocs - DOX SG - ECM\/GED para Engenharia, EPCs e Propriet\u00e1rios de Ativos<\/title>\n<meta name=\"robots\" content=\"index, follow, max-snippet:-1, max-image-preview:large, max-video-preview:-1\" \/>\n<link rel=\"canonical\" href=\"https:\/\/www.doxsg.com\/?page_id=765\" \/>\n<meta property=\"og:locale\" content=\"pt_BR\" \/>\n<meta property=\"og:type\" content=\"article\" \/>\n<meta property=\"og:title\" content=\"Greendocs - DOX SG - ECM\/GED para Engenharia, EPCs e Propriet\u00e1rios de Ativos\" \/>\n<meta property=\"og:description\" content=\"OPORTUNIDADES DE MELHORIA EM SEUS PROCESSOS Que problemas somos especialistas em resolver \u200bDADOS N\u00c3O ESTRUTURADOS A SOLU\u00c7\u00c3O GREENDOCS Apoia a modelagem, virtualiza\u00e7\u00e3o e automatiza\u00e7\u00e3o dos processos. \u200bALGUNS DOS GANHOS OBTIDOS: PLATAFORMA GREENDOCS Greendocs \u00e9 uma plataforma de gerenciamento de documentos adapt\u00e1vel e flex\u00edvel \u00e0s estruturas e processos j\u00e1 existentes nas empresas. Facilita a gest\u00e3o da [&hellip;]\" \/>\n<meta property=\"og:url\" content=\"https:\/\/www.doxsg.com\/?page_id=765\" \/>\n<meta property=\"og:site_name\" content=\"DOX SG - ECM\/GED para Engenharia, EPCs e Propriet\u00e1rios de Ativos\" \/>\n<meta property=\"article:publisher\" content=\"https:\/\/www.facebook.com\/profile.php?id=100093206472175\" \/>\n<meta property=\"article:modified_time\" content=\"2023-10-11T17:49:01+00:00\" \/>\n<meta property=\"og:image\" content=\"https:\/\/www.doxsg.com\/wp-content\/uploads\/2023\/07\/Logo_Greendocs_noW3K-1024x136.png\" \/>\n<meta name=\"twitter:card\" content=\"summary_large_image\" \/>\n<meta name=\"twitter:label1\" content=\"Est. tempo de leitura\" \/>\n\t<meta name=\"twitter:data1\" content=\"3 minutos\" \/>\n<script type=\"application\/ld+json\" class=\"yoast-schema-graph\">{\"@context\":\"https:\\\/\\\/schema.org\",\"@graph\":[{\"@type\":\"WebPage\",\"@id\":\"https:\\\/\\\/www.doxsg.com\\\/?page_id=765\",\"url\":\"https:\\\/\\\/www.doxsg.com\\\/?page_id=765\",\"name\":\"Greendocs - DOX SG - ECM\\\/GED para Engenharia, EPCs e Propriet\u00e1rios de Ativos\",\"isPartOf\":{\"@id\":\"https:\\\/\\\/www.doxsg.com\\\/#website\"},\"primaryImageOfPage\":{\"@id\":\"https:\\\/\\\/www.doxsg.com\\\/?page_id=765#primaryimage\"},\"image\":{\"@id\":\"https:\\\/\\\/www.doxsg.com\\\/?page_id=765#primaryimage\"},\"thumbnailUrl\":\"https:\\\/\\\/www.doxsg.com\\\/wp-content\\\/uploads\\\/2023\\\/07\\\/Logo_Greendocs_noW3K-1024x136.png\",\"datePublished\":\"2023-07-11T14:44:43+00:00\",\"dateModified\":\"2023-10-11T17:49:01+00:00\",\"breadcrumb\":{\"@id\":\"https:\\\/\\\/www.doxsg.com\\\/?page_id=765#breadcrumb\"},\"inLanguage\":\"pt-BR\",\"potentialAction\":[{\"@type\":\"ReadAction\",\"target\":[\"https:\\\/\\\/www.doxsg.com\\\/?page_id=765\"]}]},{\"@type\":\"ImageObject\",\"inLanguage\":\"pt-BR\",\"@id\":\"https:\\\/\\\/www.doxsg.com\\\/?page_id=765#primaryimage\",\"url\":\"https:\\\/\\\/www.doxsg.com\\\/wp-content\\\/uploads\\\/2023\\\/07\\\/Logo_Greendocs_noW3K.png\",\"contentUrl\":\"https:\\\/\\\/www.doxsg.com\\\/wp-content\\\/uploads\\\/2023\\\/07\\\/Logo_Greendocs_noW3K.png\",\"width\":3410,\"height\":453,\"caption\":\"Logo Greendods PNG\"},{\"@type\":\"BreadcrumbList\",\"@id\":\"https:\\\/\\\/www.doxsg.com\\\/?page_id=765#breadcrumb\",\"itemListElement\":[{\"@type\":\"ListItem\",\"position\":1,\"name\":\"In\u00edcio\",\"item\":\"https:\\\/\\\/www.doxsg.com\\\/\"},{\"@type\":\"ListItem\",\"position\":2,\"name\":\"Greendocs\"}]},{\"@type\":\"WebSite\",\"@id\":\"https:\\\/\\\/www.doxsg.com\\\/#website\",\"url\":\"https:\\\/\\\/www.doxsg.com\\\/\",\"name\":\"DOX SG - ECM for Asset Owners, EPCs and Engineering\",\"description\":\"GED\\\/ECM para Engenharia, Papel&amp;Celulose, Minera\u00e7\u00e3o, Petroqu\u00edmica, Fertilizantes e outros donos de ativos.\",\"publisher\":{\"@id\":\"https:\\\/\\\/www.doxsg.com\\\/#organization\"},\"alternateName\":\"DOX SG\",\"potentialAction\":[{\"@type\":\"SearchAction\",\"target\":{\"@type\":\"EntryPoint\",\"urlTemplate\":\"https:\\\/\\\/www.doxsg.com\\\/?s={search_term_string}\"},\"query-input\":{\"@type\":\"PropertyValueSpecification\",\"valueRequired\":true,\"valueName\":\"search_term_string\"}}],\"inLanguage\":\"pt-BR\"},{\"@type\":\"Organization\",\"@id\":\"https:\\\/\\\/www.doxsg.com\\\/#organization\",\"name\":\"DOX SG\",\"url\":\"https:\\\/\\\/www.doxsg.com\\\/\",\"logo\":{\"@type\":\"ImageObject\",\"inLanguage\":\"pt-BR\",\"@id\":\"https:\\\/\\\/www.doxsg.com\\\/#\\\/schema\\\/logo\\\/image\\\/\",\"url\":\"https:\\\/\\\/www.doxsg.com\\\/wp-content\\\/uploads\\\/2023\\\/07\\\/DOX-logo-697x200-1.jpg\",\"contentUrl\":\"https:\\\/\\\/www.doxsg.com\\\/wp-content\\\/uploads\\\/2023\\\/07\\\/DOX-logo-697x200-1.jpg\",\"width\":300,\"height\":86,\"caption\":\"DOX SG\"},\"image\":{\"@id\":\"https:\\\/\\\/www.doxsg.com\\\/#\\\/schema\\\/logo\\\/image\\\/\"},\"sameAs\":[\"https:\\\/\\\/www.facebook.com\\\/profile.php?id=100093206472175\",\"https:\\\/\\\/www.linkedin.com\\\/in\\\/dox-solues-de-gerenciamento-8506a4187\",\"https:\\\/\\\/www.instagram.com\\\/dox_ged\"]}]}<\/script>\n<!-- \/ Yoast SEO plugin. -->","yoast_head_json":{"title":"Greendocs - DOX SG - ECM\/GED para Engenharia, EPCs e Propriet\u00e1rios de Ativos","robots":{"index":"index","follow":"follow","max-snippet":"max-snippet:-1","max-image-preview":"max-image-preview:large","max-video-preview":"max-video-preview:-1"},"canonical":"https:\/\/www.doxsg.com\/?page_id=765","og_locale":"pt_BR","og_type":"article","og_title":"Greendocs - DOX SG - ECM\/GED para Engenharia, EPCs e Propriet\u00e1rios de Ativos","og_description":"OPORTUNIDADES DE MELHORIA EM SEUS PROCESSOS Que problemas somos especialistas em resolver \u200bDADOS N\u00c3O ESTRUTURADOS A SOLU\u00c7\u00c3O GREENDOCS Apoia a modelagem, virtualiza\u00e7\u00e3o e automatiza\u00e7\u00e3o dos processos. \u200bALGUNS DOS GANHOS OBTIDOS: PLATAFORMA GREENDOCS Greendocs \u00e9 uma plataforma de gerenciamento de documentos adapt\u00e1vel e flex\u00edvel \u00e0s estruturas e processos j\u00e1 existentes nas empresas. Facilita a gest\u00e3o da [&hellip;]","og_url":"https:\/\/www.doxsg.com\/?page_id=765","og_site_name":"DOX SG - ECM\/GED para Engenharia, EPCs e Propriet\u00e1rios de Ativos","article_publisher":"https:\/\/www.facebook.com\/profile.php?id=100093206472175","article_modified_time":"2023-10-11T17:49:01+00:00","og_image":[{"url":"https:\/\/www.doxsg.com\/wp-content\/uploads\/2023\/07\/Logo_Greendocs_noW3K-1024x136.png","type":"","width":"","height":""}],"twitter_card":"summary_large_image","twitter_misc":{"Est. tempo de leitura":"3 minutos"},"schema":{"@context":"https:\/\/schema.org","@graph":[{"@type":"WebPage","@id":"https:\/\/www.doxsg.com\/?page_id=765","url":"https:\/\/www.doxsg.com\/?page_id=765","name":"Greendocs - DOX SG - ECM\/GED para Engenharia, EPCs e Propriet\u00e1rios de Ativos","isPartOf":{"@id":"https:\/\/www.doxsg.com\/#website"},"primaryImageOfPage":{"@id":"https:\/\/www.doxsg.com\/?page_id=765#primaryimage"},"image":{"@id":"https:\/\/www.doxsg.com\/?page_id=765#primaryimage"},"thumbnailUrl":"https:\/\/www.doxsg.com\/wp-content\/uploads\/2023\/07\/Logo_Greendocs_noW3K-1024x136.png","datePublished":"2023-07-11T14:44:43+00:00","dateModified":"2023-10-11T17:49:01+00:00","breadcrumb":{"@id":"https:\/\/www.doxsg.com\/?page_id=765#breadcrumb"},"inLanguage":"pt-BR","potentialAction":[{"@type":"ReadAction","target":["https:\/\/www.doxsg.com\/?page_id=765"]}]},{"@type":"ImageObject","inLanguage":"pt-BR","@id":"https:\/\/www.doxsg.com\/?page_id=765#primaryimage","url":"https:\/\/www.doxsg.com\/wp-content\/uploads\/2023\/07\/Logo_Greendocs_noW3K.png","contentUrl":"https:\/\/www.doxsg.com\/wp-content\/uploads\/2023\/07\/Logo_Greendocs_noW3K.png","width":3410,"height":453,"caption":"Logo Greendods PNG"},{"@type":"BreadcrumbList","@id":"https:\/\/www.doxsg.com\/?page_id=765#breadcrumb","itemListElement":[{"@type":"ListItem","position":1,"name":"In\u00edcio","item":"https:\/\/www.doxsg.com\/"},{"@type":"ListItem","position":2,"name":"Greendocs"}]},{"@type":"WebSite","@id":"https:\/\/www.doxsg.com\/#website","url":"https:\/\/www.doxsg.com\/","name":"DOX SG - ECM for Asset Owners, EPCs and Engineering","description":"GED\/ECM para Engenharia, Papel&amp;Celulose, Minera\u00e7\u00e3o, Petroqu\u00edmica, Fertilizantes e outros donos de ativos.","publisher":{"@id":"https:\/\/www.doxsg.com\/#organization"},"alternateName":"DOX SG","potentialAction":[{"@type":"SearchAction","target":{"@type":"EntryPoint","urlTemplate":"https:\/\/www.doxsg.com\/?s={search_term_string}"},"query-input":{"@type":"PropertyValueSpecification","valueRequired":true,"valueName":"search_term_string"}}],"inLanguage":"pt-BR"},{"@type":"Organization","@id":"https:\/\/www.doxsg.com\/#organization","name":"DOX SG","url":"https:\/\/www.doxsg.com\/","logo":{"@type":"ImageObject","inLanguage":"pt-BR","@id":"https:\/\/www.doxsg.com\/#\/schema\/logo\/image\/","url":"https:\/\/www.doxsg.com\/wp-content\/uploads\/2023\/07\/DOX-logo-697x200-1.jpg","contentUrl":"https:\/\/www.doxsg.com\/wp-content\/uploads\/2023\/07\/DOX-logo-697x200-1.jpg","width":300,"height":86,"caption":"DOX SG"},"image":{"@id":"https:\/\/www.doxsg.com\/#\/schema\/logo\/image\/"},"sameAs":["https:\/\/www.facebook.com\/profile.php?id=100093206472175","https:\/\/www.linkedin.com\/in\/dox-solues-de-gerenciamento-8506a4187","https:\/\/www.instagram.com\/dox_ged"]}]}},"uagb_featured_image_src":{"full":false,"thumbnail":false,"medium":false,"medium_large":false,"large":false,"1536x1536":false,"2048x2048":false},"uagb_author_info":{"display_name":"dox-admin","author_link":"https:\/\/www.doxsg.com\/?author=1"},"uagb_comment_info":0,"uagb_excerpt":"OPORTUNIDADES DE MELHORIA EM SEUS PROCESSOS Que problemas somos especialistas em resolver \u200bDADOS N\u00c3O ESTRUTURADOS A SOLU\u00c7\u00c3O GREENDOCS Apoia a modelagem, virtualiza\u00e7\u00e3o e automatiza\u00e7\u00e3o dos processos. \u200bALGUNS DOS GANHOS OBTIDOS: PLATAFORMA GREENDOCS Greendocs \u00e9 uma plataforma de gerenciamento de documentos adapt\u00e1vel e flex\u00edvel \u00e0s estruturas e processos j\u00e1 existentes nas empresas. Facilita a gest\u00e3o da&hellip;","_links":{"self":[{"href":"https:\/\/www.doxsg.com\/index.php?rest_route=\/wp\/v2\/pages\/765","targetHints":{"allow":["GET"]}}],"collection":[{"href":"https:\/\/www.doxsg.com\/index.php?rest_route=\/wp\/v2\/pages"}],"about":[{"href":"https:\/\/www.doxsg.com\/index.php?rest_route=\/wp\/v2\/types\/page"}],"author":[{"embeddable":true,"href":"https:\/\/www.doxsg.com\/index.php?rest_route=\/wp\/v2\/users\/1"}],"replies":[{"embeddable":true,"href":"https:\/\/www.doxsg.com\/index.php?rest_route=%2Fwp%2Fv2%2Fcomments&post=765"}],"version-history":[{"count":8,"href":"https:\/\/www.doxsg.com\/index.php?rest_route=\/wp\/v2\/pages\/765\/revisions"}],"predecessor-version":[{"id":985,"href":"https:\/\/www.doxsg.com\/index.php?rest_route=\/wp\/v2\/pages\/765\/revisions\/985"}],"wp:attachment":[{"href":"https:\/\/www.doxsg.com\/index.php?rest_route=%2Fwp%2Fv2%2Fmedia&parent=765"}],"curies":[{"name":"wp","href":"https:\/\/api.w.org\/{rel}","templated":true}]}}