{"id":20,"date":"2023-06-22T10:19:05","date_gmt":"2023-06-22T13:19:05","guid":{"rendered":"https:\/\/www.doxsg.com\/?page_id=20"},"modified":"2024-06-14T13:54:32","modified_gmt":"2024-06-14T16:54:32","slug":"solucoes","status":"publish","type":"page","link":"https:\/\/www.doxsg.com\/?page_id=20","title":{"rendered":"Solu\u00e7\u00f5es"},"content":{"rendered":"\n<div class=\"wp-block-uagb-container uagb-block-3a349b42 alignfull uagb-is-root-container\"><div class=\"uagb-container-inner-blocks-wrap\">\n<div class=\"wp-block-uagb-info-box uagb-block-ba48f291 uagb-infobox__content-wrap  uagb-infobox-icon-above-title uagb-infobox-image-valign-top\"><div class=\"uagb-ifb-content\"><div class=\"uagb-ifb-title-wrap\"><h1 class=\"uagb-ifb-title\">Trazendo as melhores<br>solu\u00e7\u00f5es para o seu neg\u00f3cio<\/h1><\/div><p class=\"uagb-ifb-desc\">A DOX Solu\u00e7\u00f5es de Gerenciamento possui ferramentas para inova\u00e7\u00e3o da gest\u00e3o de informa\u00e7\u00e3o t\u00e9cnica e controle de processos de engenharia, projetos, gest\u00e3o de contratos e carteira de projetos. Tudo isso com grande capacidade de customiza\u00e7\u00e3o para melhor atender e se adaptar a cada cliente de forma eficaz e completa.<\/p><\/div><\/div>\n<\/div><\/div>\n\n\n\n<div class=\"wp-block-uagb-container uagb-block-4a14c8b2 alignfull uagb-is-root-container\"><div class=\"uagb-container-inner-blocks-wrap\">\n<div style=\"height:30px\" aria-hidden=\"true\" class=\"wp-block-spacer\"><\/div>\n<\/div><\/div>\n\n\n\n<div class=\"wp-block-uagb-container uagb-block-2a15c460 alignfull uagb-is-root-container\"><div class=\"uagb-container-inner-blocks-wrap\">\n<div class=\"wp-block-columns are-vertically-aligned-center dIV_img_and_desc_soluctions is-layout-flex wp-container-core-columns-is-layout-28f84493 wp-block-columns-is-layout-flex\">\n<div class=\"wp-block-column is-vertically-aligned-center is-layout-flow wp-block-column-is-layout-flow\">\n<div class=\"wp-block-uagb-info-box uagb-block-6ba31728 uagb-infobox__content-wrap  uagb-infobox-icon-above-title uagb-infobox-image-valign-top\"><div class=\"uagb-ifb-content\"><div class=\"uagb-ifb-title-wrap\"><h3 class=\"uagb-ifb-title\">GREENDOCS<\/h3><\/div><p class=\"uagb-ifb-desc\">&nbsp;O Greendocs \u00e9 uma solu\u00e7\u00e3o&nbsp;100% web para gest\u00e3o de documentos (GED\/ECM) &nbsp;e processos (BPMS) em uma mesma ferramenta. Aplica\u00e7\u00f5es t\u00edpicas do Greendocs s\u00e3o: Gest\u00e3o de documentos de engenharia, projetos e qualidade, Gest\u00e3o de Contratos, Portal para trabalho colaborativo e Processos da Qualidade.<br> <br>Uma solu\u00e7\u00e3o&nbsp;flex\u00edvel e&nbsp;escal\u00e1vel&nbsp;que facilita acesso ao&nbsp;conhecimento e potencializa a&nbsp;colabora\u00e7\u00e3o, sem perder o&nbsp;foco em&nbsp;seguran\u00e7a,&nbsp;rastreabilidade e&nbsp;compliance.<\/p><\/div><\/div>\n\n\n\n<div class=\"wp-block-uagb-buttons uagb-buttons__outer-wrap uagb-btn__default-btn uagb-btn-tablet__default-btn uagb-btn-mobile__default-btn uagb-block-5f14986a\"><div class=\"uagb-buttons__wrap uagb-buttons-layout-wrap \">\n<div class=\"wp-block-uagb-buttons-child uagb-buttons__outer-wrap uagb-block-0dafa7db wp-block-button\"><div class=\"uagb-button__wrapper\"><a class=\"uagb-buttons-repeater wp-block-button__link\" aria-label=\"\" href=\"https:\/\/www.doxsg.com\/?page_id=765\" rel=\"follow noopener\" target=\"_self\" role=\"button\"><div class=\"uagb-button__link\">Saber mais sobre o Greendocs<\/div><\/a><\/div><\/div>\n<\/div><\/div>\n<\/div>\n\n\n\n<div class=\"wp-block-column is-vertically-aligned-center is-layout-flow wp-block-column-is-layout-flow\">\n<div class=\"wp-block-uagb-image aligncenter uagb-block-878b366d wp-block-uagb-image--layout-default wp-block-uagb-image--effect-static wp-block-uagb-image--align-center\"><figure class=\"wp-block-uagb-image__figure\"><img decoding=\"async\" srcset=\"https:\/\/www.doxsg.com\/wp-content\/uploads\/2023\/07\/Logo_Greendocs_noW3K-1024x136.png ,https:\/\/www.doxsg.com\/wp-content\/uploads\/2023\/07\/Logo_Greendocs_noW3K.png 780w, https:\/\/www.doxsg.com\/wp-content\/uploads\/2023\/07\/Logo_Greendocs_noW3K.png 360w\" sizes=\"auto, (max-width: 480px) 150px\" src=\"https:\/\/www.doxsg.com\/wp-content\/uploads\/2023\/07\/Logo_Greendocs_noW3K-1024x136.png\" alt=\"\" class=\"uag-image-675\" width=\"1024\" height=\"136\" title=\"\" loading=\"lazy\" role=\"img\"\/><\/figure><\/div>\n<\/div>\n<\/div>\n<\/div><\/div>\n\n\n\n<div class=\"wp-block-uagb-container uagb-block-b5d6490b alignfull uagb-is-root-container\"><div class=\"uagb-container-inner-blocks-wrap\">\n<div style=\"height:30px\" aria-hidden=\"true\" class=\"wp-block-spacer\"><\/div>\n<\/div><\/div>\n\n\n\n<div class=\"wp-block-uagb-container uagb-block-8047c13e alignfull uagb-is-root-container\"><div class=\"uagb-container-inner-blocks-wrap\">\n<div class=\"wp-block-columns are-vertically-aligned-center dIV_img_and_desc_soluctions capx uag-hide-tab uag-hide-mob is-layout-flex wp-container-core-columns-is-layout-28f84493 wp-block-columns-is-layout-flex\">\n<div class=\"wp-block-column is-vertically-aligned-center is-layout-flow wp-block-column-is-layout-flow\">\n<div class=\"wp-block-uagb-image aligncenter uagb-block-80925099 wp-block-uagb-image--layout-default wp-block-uagb-image--effect-static wp-block-uagb-image--align-center\"><figure class=\"wp-block-uagb-image__figure\"><img decoding=\"async\" srcset=\"https:\/\/www.doxsg.com\/wp-content\/uploads\/2023\/07\/Logo_CAPX_noW3K.png ,https:\/\/www.doxsg.com\/wp-content\/uploads\/2023\/07\/Logo_CAPX_noW3K.png 780w, https:\/\/www.doxsg.com\/wp-content\/uploads\/2023\/07\/Logo_CAPX_noW3K.png 360w\" sizes=\"auto, (max-width: 480px) 150px\" src=\"https:\/\/www.doxsg.com\/wp-content\/uploads\/2023\/07\/Logo_CAPX_noW3K.png\" alt=\"\" class=\"uag-image-676\" width=\"333\" height=\"109\" title=\"\" loading=\"lazy\" role=\"img\"\/><\/figure><\/div>\n<\/div>\n\n\n\n<div class=\"wp-block-column is-vertically-aligned-center is-layout-flow wp-block-column-is-layout-flow\">\n<div class=\"wp-block-uagb-info-box uagb-block-8aff78b5 uagb-infobox__content-wrap  uagb-infobox-icon-above-title uagb-infobox-image-valign-top\"><div class=\"uagb-ifb-content\"><div class=\"uagb-ifb-title-wrap\"><h3 class=\"uagb-ifb-title\">CAPX<\/h3><\/div><p class=\"uagb-ifb-desc\">&nbsp;O Capx permite a visualiza\u00e7\u00e3o conjunta de todos os projetos em uma vis\u00e3o de Portf\u00f3lio de Projetos.<br><br>Atendendo a necessidade de unir informa\u00e7\u00f5es gerenciais para visualiza\u00e7\u00e3o e acompanhamento de projetos o Capx resolve a dificuldade do MS-Project em estabelecer peso \u00e0s atividades e informar o avan\u00e7o ponderado de um projeto dentro de um Portf\u00f3lio.<\/p><\/div><\/div>\n<\/div>\n<\/div>\n\n\n\n<div class=\"wp-block-columns uag-hide-desktop is-layout-flex wp-container-core-columns-is-layout-28f84493 wp-block-columns-is-layout-flex\">\n<div class=\"wp-block-column is-layout-flow wp-block-column-is-layout-flow\">\n<div class=\"wp-block-uagb-info-box uagb-block-2001b17d uagb-infobox__content-wrap  uagb-infobox-icon-above-title uagb-infobox-image-valign-top\"><div class=\"uagb-ifb-content\"><div class=\"uagb-ifb-title-wrap\"><h3 class=\"uagb-ifb-title\">CAPX<\/h3><\/div><p class=\"uagb-ifb-desc\">O Capx permite a visualiza\u00e7\u00e3o conjunta de todos os projetos em uma vis\u00e3o de Portf\u00f3lio de Projetos.<br><br>Atendendo a necessidade de unir informa\u00e7\u00f5es gerenciais para visualiza\u00e7\u00e3o e acompanhamento de projetos o Capx resolve a dificuldade do MS-Project em estabelecer peso \u00e0s atividades e informar o avan\u00e7o ponderado de um projeto dentro de um Portf\u00f3lio.<\/p><\/div><\/div>\n<\/div>\n\n\n\n<div class=\"wp-block-column is-vertically-aligned-center is-layout-flow wp-block-column-is-layout-flow\">\n<div class=\"wp-block-uagb-image aligncenter uagb-block-46d0dc06 wp-block-uagb-image--layout-default wp-block-uagb-image--effect-static wp-block-uagb-image--align-center\"><figure class=\"wp-block-uagb-image__figure\"><img decoding=\"async\" srcset=\"https:\/\/www.doxsg.com\/wp-content\/uploads\/2023\/06\/Logo_CAPX_RGB_Color.png ,https:\/\/www.doxsg.com\/wp-content\/uploads\/2023\/06\/Logo_CAPX_RGB_Color.png 780w, https:\/\/www.doxsg.com\/wp-content\/uploads\/2023\/06\/Logo_CAPX_RGB_Color.png 360w\" sizes=\"auto, (max-width: 480px) 150px\" src=\"https:\/\/www.doxsg.com\/wp-content\/uploads\/2023\/06\/Logo_CAPX_RGB_Color.png\" alt=\"\" class=\"uag-image-416\" width=\"300\" height=\"426\" title=\"\" loading=\"lazy\" role=\"img\"\/><\/figure><\/div>\n<\/div>\n<\/div>\n<\/div><\/div>\n\n\n\n<div class=\"wp-block-uagb-container uagb-block-9d81c112 alignfull uagb-is-root-container\"><div class=\"uagb-container-inner-blocks-wrap\">\n<div style=\"height:30px\" aria-hidden=\"true\" class=\"wp-block-spacer\"><\/div>\n<\/div><\/div>\n\n\n\n<footer class=\"wp-block-uagb-container uagb-block-5f97bea0 alignfull uagb-is-root-container\">\n<div style=\"height:20px\" aria-hidden=\"true\" class=\"wp-block-spacer\"><\/div>\n\n\n\n<div class=\"wp-block-columns is-layout-flex wp-container-core-columns-is-layout-28f84493 wp-block-columns-is-layout-flex\">\n<div class=\"wp-block-column is-layout-flow wp-block-column-is-layout-flow\">\n<div class=\"wp-block-uagb-info-box uagb-block-07d61834 uagb-infobox__content-wrap  uagb-infobox-icon-above-title uagb-infobox-image-valign-top\"><div class=\"uagb-ifb-content\"><div class=\"uagb-ifb-title-wrap\"><h3 class=\"uagb-ifb-title\">Hor\u00e1rio de Atendimento<\/h3><\/div><p class=\"uagb-ifb-desc\">Segunda a Sexta das 08h \u00e1s 17h00<\/p><\/div><\/div>\n<\/div>\n\n\n\n<div class=\"wp-block-column is-vertically-aligned-center is-layout-flow wp-block-column-is-layout-flow\">\n<div class=\"wp-block-uagb-icon-list uagb-block-42ab3cc3\"><div class=\"uagb-icon-list__wrap\">\n<div class=\"wp-block-uagb-icon-list-child uagb-block-63e2d813\"><a target=\"_blank\" aria-label=\"Item da lista\" rel=\"noopener noreferrer\" href=\"https:\/\/www.instagram.com\/dox_ged\"> <\/a><span class=\"uagb-icon-list__source-wrap\"><svg xmlns=\"https:\/\/www.w3.org\/2000\/svg\" viewBox=\"0 0 448 512\"><path d=\"M224.1 141c-63.6 0-114.9 51.3-114.9 114.9s51.3 114.9 114.9 114.9S339 319.5 339 255.9 287.7 141 224.1 141zm0 189.6c-41.1 0-74.7-33.5-74.7-74.7s33.5-74.7 74.7-74.7 74.7 33.5 74.7 74.7-33.6 74.7-74.7 74.7zm146.4-194.3c0 14.9-12 26.8-26.8 26.8-14.9 0-26.8-12-26.8-26.8s12-26.8 26.8-26.8 26.8 12 26.8 26.8zm76.1 27.2c-1.7-35.9-9.9-67.7-36.2-93.9-26.2-26.2-58-34.4-93.9-36.2-37-2.1-147.9-2.1-184.9 0-35.8 1.7-67.6 9.9-93.9 36.1s-34.4 58-36.2 93.9c-2.1 37-2.1 147.9 0 184.9 1.7 35.9 9.9 67.7 36.2 93.9s58 34.4 93.9 36.2c37 2.1 147.9 2.1 184.9 0 35.9-1.7 67.7-9.9 93.9-36.2 26.2-26.2 34.4-58 36.2-93.9 2.1-37 2.1-147.8 0-184.8zM398.8 388c-7.8 19.6-22.9 34.7-42.6 42.6-29.5 11.7-99.5 9-132.1 9s-102.7 2.6-132.1-9c-19.6-7.8-34.7-22.9-42.6-42.6-11.7-29.5-9-99.5-9-132.1s-2.6-102.7 9-132.1c7.8-19.6 22.9-34.7 42.6-42.6 29.5-11.7 99.5-9 132.1-9s102.7-2.6 132.1 9c19.6 7.8 34.7 22.9 42.6 42.6 11.7 29.5 9 99.5 9 132.1s2.7 102.7-9 132.1z\"><\/path><\/svg><\/span><\/div>\n\n\n\n<div class=\"wp-block-uagb-icon-list-child uagb-block-270ec813\"><a target=\"_blank\" aria-label=\"Item da lista\" rel=\"noopener noreferrer\" href=\"https:\/\/www.linkedin.com\/in\/dox-solucoes-de-gerenciamento-8506a4187\/\"> <\/a><span class=\"uagb-icon-list__source-wrap\"><svg xmlns=\"https:\/\/www.w3.org\/2000\/svg\" viewBox=\"0 0 448 512\"><path d=\"M416 32H31.9C14.3 32 0 46.5 0 64.3v383.4C0 465.5 14.3 480 31.9 480H416c17.6 0 32-14.5 32-32.3V64.3c0-17.8-14.4-32.3-32-32.3zM135.4 416H69V202.2h66.5V416zm-33.2-243c-21.3 0-38.5-17.3-38.5-38.5S80.9 96 102.2 96c21.2 0 38.5 17.3 38.5 38.5 0 21.3-17.2 38.5-38.5 38.5zm282.1 243h-66.4V312c0-24.8-.5-56.7-34.5-56.7-34.6 0-39.9 27-39.9 54.9V416h-66.4V202.2h63.7v29.2h.9c8.9-16.8 30.6-34.5 62.9-34.5 67.2 0 79.7 44.3 79.7 101.9V416z\"><\/path><\/svg><\/span><\/div>\n<\/div><\/div>\n<\/div>\n<\/div>\n\n\n\n<div class=\"wp-block-columns is-layout-flex wp-container-core-columns-is-layout-28f84493 wp-block-columns-is-layout-flex\">\n<div class=\"wp-block-column is-layout-flow wp-block-column-is-layout-flow\">\n<div class=\"wp-block-uagb-info-box uagb-block-7d90c39a uagb-infobox__content-wrap  uagb-infobox-icon-above-title uagb-infobox-image-valign-top\"><div class=\"uagb-ifb-content\"><div class=\"uagb-ifb-icon-wrap\"><svg xmlns=\"https:\/\/www.w3.org\/2000\/svg\" viewBox=\"0 0 512 512\"><path d=\"M511.2 387l-23.25 100.8c-3.266 14.25-15.79 24.22-30.46 24.22C205.2 512 0 306.8 0 54.5c0-14.66 9.969-27.2 24.22-30.45l100.8-23.25C139.7-2.602 154.7 5.018 160.8 18.92l46.52 108.5c5.438 12.78 1.77 27.67-8.98 36.45L144.5 207.1c33.98 69.22 90.26 125.5 159.5 159.5l44.08-53.8c8.688-10.78 23.69-14.51 36.47-8.975l108.5 46.51C506.1 357.2 514.6 372.4 511.2 387z\"><\/path><\/svg><\/div><div class=\"uagb-ifb-title-wrap\"><span class=\"uagb-ifb-title-prefix\">+55 (11) 4330-1293<\/span><\/div><\/div><\/div>\n<\/div>\n\n\n\n<div class=\"wp-block-column is-layout-flow wp-block-column-is-layout-flow\">\n<div class=\"wp-block-uagb-info-box uagb-block-bfbd0ab7 uagb-infobox__content-wrap  uagb-infobox-icon-above-title uagb-infobox-image-valign-top\"><div class=\"uagb-ifb-content\"><div class=\"uagb-ifb-icon-wrap\"><svg xmlns=\"https:\/\/www.w3.org\/2000\/svg\" viewBox=\"0 0 512 512\"><path d=\"M464 64C490.5 64 512 85.49 512 112C512 127.1 504.9 141.3 492.8 150.4L275.2 313.6C263.8 322.1 248.2 322.1 236.8 313.6L19.2 150.4C7.113 141.3 0 127.1 0 112C0 85.49 21.49 64 48 64H464zM217.6 339.2C240.4 356.3 271.6 356.3 294.4 339.2L512 176V384C512 419.3 483.3 448 448 448H64C28.65 448 0 419.3 0 384V176L217.6 339.2z\"><\/path><\/svg><\/div><div class=\"uagb-ifb-title-wrap\"><span class=\"uagb-ifb-title-prefix\">comercial@doxsg.com<\/span><\/div><\/div><\/div>\n<\/div>\n<\/div>\n<\/footer>\n","protected":false},"excerpt":{"rendered":"","protected":false},"author":1,"featured_media":0,"parent":0,"menu_order":0,"comment_status":"closed","ping_status":"closed","template":"","meta":{"_uag_custom_page_level_css":"","_monsterinsights_skip_tracking":false,"_monsterinsights_sitenote_active":false,"_monsterinsights_sitenote_note":"","_monsterinsights_sitenote_category":0,"site-sidebar-layout":"default","site-content-layout":"","ast-site-content-layout":"default","site-content-style":"default","site-sidebar-style":"default","ast-global-header-display":"","ast-banner-title-visibility":"","ast-main-header-display":"","ast-hfb-above-header-display":"","ast-hfb-below-header-display":"","ast-hfb-mobile-header-display":"","site-post-title":"disabled","ast-breadcrumbs-content":"","ast-featured-img":"","footer-sml-layout":"","ast-disable-related-posts":"","theme-transparent-header-meta":"","adv-header-id-meta":"","stick-header-meta":"","header-above-stick-meta":"","header-main-stick-meta":"","header-below-stick-meta":"","astra-migrate-meta-layouts":"set","ast-page-background-enabled":"default","ast-page-background-meta":{"desktop":{"background-color":"var(--ast-global-color-4)","background-image":"","background-repeat":"repeat","background-position":"center center","background-size":"auto","background-attachment":"scroll","background-type":"","background-media":"","overlay-type":"","overlay-color":"","overlay-opacity":"","overlay-gradient":""},"tablet":{"background-color":"","background-image":"","background-repeat":"repeat","background-position":"center center","background-size":"auto","background-attachment":"scroll","background-type":"","background-media":"","overlay-type":"","overlay-color":"","overlay-opacity":"","overlay-gradient":""},"mobile":{"background-color":"","background-image":"","background-repeat":"repeat","background-position":"center center","background-size":"auto","background-attachment":"scroll","background-type":"","background-media":"","overlay-type":"","overlay-color":"","overlay-opacity":"","overlay-gradient":""}},"ast-content-background-meta":{"desktop":{"background-color":"var(--ast-global-color-5)","background-image":"","background-repeat":"repeat","background-position":"center center","background-size":"auto","background-attachment":"scroll","background-type":"","background-media":"","overlay-type":"","overlay-color":"","overlay-opacity":"","overlay-gradient":""},"tablet":{"background-color":"var(--ast-global-color-5)","background-image":"","background-repeat":"repeat","background-position":"center center","background-size":"auto","background-attachment":"scroll","background-type":"","background-media":"","overlay-type":"","overlay-color":"","overlay-opacity":"","overlay-gradient":""},"mobile":{"background-color":"var(--ast-global-color-5)","background-image":"","background-repeat":"repeat","background-position":"center center","background-size":"auto","background-attachment":"scroll","background-type":"","background-media":"","overlay-type":"","overlay-color":"","overlay-opacity":"","overlay-gradient":""}},"_joinchat":[],"footnotes":""},"class_list":["post-20","page","type-page","status-publish","hentry"],"yoast_head":"<!-- This site is optimized with the Yoast SEO plugin v27.4 - https:\/\/yoast.com\/product\/yoast-seo-wordpress\/ -->\n<title>Solu\u00e7\u00f5es - DOX SG - ECM\/GED para Engenharia, EPCs e Propriet\u00e1rios de Ativos<\/title>\n<meta name=\"robots\" content=\"index, follow, max-snippet:-1, max-image-preview:large, max-video-preview:-1\" \/>\n<link rel=\"canonical\" href=\"https:\/\/www.doxsg.com\/?page_id=20\" \/>\n<meta property=\"og:locale\" content=\"pt_BR\" \/>\n<meta property=\"og:type\" content=\"article\" \/>\n<meta property=\"og:title\" content=\"Solu\u00e7\u00f5es - DOX SG - ECM\/GED para Engenharia, EPCs e Propriet\u00e1rios de Ativos\" \/>\n<meta property=\"og:url\" content=\"https:\/\/www.doxsg.com\/?page_id=20\" \/>\n<meta property=\"og:site_name\" content=\"DOX SG - ECM\/GED para Engenharia, EPCs e Propriet\u00e1rios de Ativos\" \/>\n<meta property=\"article:publisher\" content=\"https:\/\/www.facebook.com\/profile.php?id=100093206472175\" \/>\n<meta property=\"article:modified_time\" content=\"2024-06-14T16:54:32+00:00\" \/>\n<meta property=\"og:image\" content=\"https:\/\/www.doxsg.com\/wp-content\/uploads\/2023\/07\/Logo_Greendocs_noW3K-1024x136.png\" \/>\n<meta name=\"twitter:card\" content=\"summary_large_image\" \/>\n<meta name=\"twitter:label1\" content=\"Est. tempo de leitura\" \/>\n\t<meta name=\"twitter:data1\" content=\"2 minutos\" \/>\n<script type=\"application\/ld+json\" class=\"yoast-schema-graph\">{\"@context\":\"https:\\\/\\\/schema.org\",\"@graph\":[{\"@type\":\"WebPage\",\"@id\":\"https:\\\/\\\/www.doxsg.com\\\/?page_id=20\",\"url\":\"https:\\\/\\\/www.doxsg.com\\\/?page_id=20\",\"name\":\"Solu\u00e7\u00f5es - DOX SG - ECM\\\/GED para Engenharia, EPCs e Propriet\u00e1rios de Ativos\",\"isPartOf\":{\"@id\":\"https:\\\/\\\/www.doxsg.com\\\/#website\"},\"primaryImageOfPage\":{\"@id\":\"https:\\\/\\\/www.doxsg.com\\\/?page_id=20#primaryimage\"},\"image\":{\"@id\":\"https:\\\/\\\/www.doxsg.com\\\/?page_id=20#primaryimage\"},\"thumbnailUrl\":\"https:\\\/\\\/www.doxsg.com\\\/wp-content\\\/uploads\\\/2023\\\/07\\\/Logo_Greendocs_noW3K-1024x136.png\",\"datePublished\":\"2023-06-22T13:19:05+00:00\",\"dateModified\":\"2024-06-14T16:54:32+00:00\",\"breadcrumb\":{\"@id\":\"https:\\\/\\\/www.doxsg.com\\\/?page_id=20#breadcrumb\"},\"inLanguage\":\"pt-BR\",\"potentialAction\":[{\"@type\":\"ReadAction\",\"target\":[\"https:\\\/\\\/www.doxsg.com\\\/?page_id=20\"]}]},{\"@type\":\"ImageObject\",\"inLanguage\":\"pt-BR\",\"@id\":\"https:\\\/\\\/www.doxsg.com\\\/?page_id=20#primaryimage\",\"url\":\"https:\\\/\\\/www.doxsg.com\\\/wp-content\\\/uploads\\\/2023\\\/07\\\/Logo_Greendocs_noW3K.png\",\"contentUrl\":\"https:\\\/\\\/www.doxsg.com\\\/wp-content\\\/uploads\\\/2023\\\/07\\\/Logo_Greendocs_noW3K.png\",\"width\":3410,\"height\":453,\"caption\":\"Logo Greendods PNG\"},{\"@type\":\"BreadcrumbList\",\"@id\":\"https:\\\/\\\/www.doxsg.com\\\/?page_id=20#breadcrumb\",\"itemListElement\":[{\"@type\":\"ListItem\",\"position\":1,\"name\":\"In\u00edcio\",\"item\":\"https:\\\/\\\/www.doxsg.com\\\/\"},{\"@type\":\"ListItem\",\"position\":2,\"name\":\"Solu\u00e7\u00f5es\"}]},{\"@type\":\"WebSite\",\"@id\":\"https:\\\/\\\/www.doxsg.com\\\/#website\",\"url\":\"https:\\\/\\\/www.doxsg.com\\\/\",\"name\":\"DOX SG - ECM for Asset Owners, EPCs and Engineering\",\"description\":\"GED\\\/ECM para Engenharia, Papel&amp;Celulose, Minera\u00e7\u00e3o, Petroqu\u00edmica, Fertilizantes e outros donos de ativos.\",\"publisher\":{\"@id\":\"https:\\\/\\\/www.doxsg.com\\\/#organization\"},\"alternateName\":\"DOX SG\",\"potentialAction\":[{\"@type\":\"SearchAction\",\"target\":{\"@type\":\"EntryPoint\",\"urlTemplate\":\"https:\\\/\\\/www.doxsg.com\\\/?s={search_term_string}\"},\"query-input\":{\"@type\":\"PropertyValueSpecification\",\"valueRequired\":true,\"valueName\":\"search_term_string\"}}],\"inLanguage\":\"pt-BR\"},{\"@type\":\"Organization\",\"@id\":\"https:\\\/\\\/www.doxsg.com\\\/#organization\",\"name\":\"DOX SG\",\"url\":\"https:\\\/\\\/www.doxsg.com\\\/\",\"logo\":{\"@type\":\"ImageObject\",\"inLanguage\":\"pt-BR\",\"@id\":\"https:\\\/\\\/www.doxsg.com\\\/#\\\/schema\\\/logo\\\/image\\\/\",\"url\":\"https:\\\/\\\/www.doxsg.com\\\/wp-content\\\/uploads\\\/2023\\\/07\\\/DOX-logo-697x200-1.jpg\",\"contentUrl\":\"https:\\\/\\\/www.doxsg.com\\\/wp-content\\\/uploads\\\/2023\\\/07\\\/DOX-logo-697x200-1.jpg\",\"width\":300,\"height\":86,\"caption\":\"DOX SG\"},\"image\":{\"@id\":\"https:\\\/\\\/www.doxsg.com\\\/#\\\/schema\\\/logo\\\/image\\\/\"},\"sameAs\":[\"https:\\\/\\\/www.facebook.com\\\/profile.php?id=100093206472175\",\"https:\\\/\\\/www.linkedin.com\\\/in\\\/dox-solues-de-gerenciamento-8506a4187\",\"https:\\\/\\\/www.instagram.com\\\/dox_ged\"]}]}<\/script>\n<!-- \/ Yoast SEO plugin. -->","yoast_head_json":{"title":"Solu\u00e7\u00f5es - DOX SG - ECM\/GED para Engenharia, EPCs e Propriet\u00e1rios de Ativos","robots":{"index":"index","follow":"follow","max-snippet":"max-snippet:-1","max-image-preview":"max-image-preview:large","max-video-preview":"max-video-preview:-1"},"canonical":"https:\/\/www.doxsg.com\/?page_id=20","og_locale":"pt_BR","og_type":"article","og_title":"Solu\u00e7\u00f5es - DOX SG - ECM\/GED para Engenharia, EPCs e Propriet\u00e1rios de Ativos","og_url":"https:\/\/www.doxsg.com\/?page_id=20","og_site_name":"DOX SG - ECM\/GED para Engenharia, EPCs e Propriet\u00e1rios de Ativos","article_publisher":"https:\/\/www.facebook.com\/profile.php?id=100093206472175","article_modified_time":"2024-06-14T16:54:32+00:00","og_image":[{"url":"https:\/\/www.doxsg.com\/wp-content\/uploads\/2023\/07\/Logo_Greendocs_noW3K-1024x136.png","type":"","width":"","height":""}],"twitter_card":"summary_large_image","twitter_misc":{"Est. tempo de leitura":"2 minutos"},"schema":{"@context":"https:\/\/schema.org","@graph":[{"@type":"WebPage","@id":"https:\/\/www.doxsg.com\/?page_id=20","url":"https:\/\/www.doxsg.com\/?page_id=20","name":"Solu\u00e7\u00f5es - DOX SG - ECM\/GED para Engenharia, EPCs e Propriet\u00e1rios de Ativos","isPartOf":{"@id":"https:\/\/www.doxsg.com\/#website"},"primaryImageOfPage":{"@id":"https:\/\/www.doxsg.com\/?page_id=20#primaryimage"},"image":{"@id":"https:\/\/www.doxsg.com\/?page_id=20#primaryimage"},"thumbnailUrl":"https:\/\/www.doxsg.com\/wp-content\/uploads\/2023\/07\/Logo_Greendocs_noW3K-1024x136.png","datePublished":"2023-06-22T13:19:05+00:00","dateModified":"2024-06-14T16:54:32+00:00","breadcrumb":{"@id":"https:\/\/www.doxsg.com\/?page_id=20#breadcrumb"},"inLanguage":"pt-BR","potentialAction":[{"@type":"ReadAction","target":["https:\/\/www.doxsg.com\/?page_id=20"]}]},{"@type":"ImageObject","inLanguage":"pt-BR","@id":"https:\/\/www.doxsg.com\/?page_id=20#primaryimage","url":"https:\/\/www.doxsg.com\/wp-content\/uploads\/2023\/07\/Logo_Greendocs_noW3K.png","contentUrl":"https:\/\/www.doxsg.com\/wp-content\/uploads\/2023\/07\/Logo_Greendocs_noW3K.png","width":3410,"height":453,"caption":"Logo Greendods PNG"},{"@type":"BreadcrumbList","@id":"https:\/\/www.doxsg.com\/?page_id=20#breadcrumb","itemListElement":[{"@type":"ListItem","position":1,"name":"In\u00edcio","item":"https:\/\/www.doxsg.com\/"},{"@type":"ListItem","position":2,"name":"Solu\u00e7\u00f5es"}]},{"@type":"WebSite","@id":"https:\/\/www.doxsg.com\/#website","url":"https:\/\/www.doxsg.com\/","name":"DOX SG - ECM for Asset Owners, EPCs and Engineering","description":"GED\/ECM para Engenharia, Papel&amp;Celulose, Minera\u00e7\u00e3o, Petroqu\u00edmica, Fertilizantes e outros donos de ativos.","publisher":{"@id":"https:\/\/www.doxsg.com\/#organization"},"alternateName":"DOX SG","potentialAction":[{"@type":"SearchAction","target":{"@type":"EntryPoint","urlTemplate":"https:\/\/www.doxsg.com\/?s={search_term_string}"},"query-input":{"@type":"PropertyValueSpecification","valueRequired":true,"valueName":"search_term_string"}}],"inLanguage":"pt-BR"},{"@type":"Organization","@id":"https:\/\/www.doxsg.com\/#organization","name":"DOX SG","url":"https:\/\/www.doxsg.com\/","logo":{"@type":"ImageObject","inLanguage":"pt-BR","@id":"https:\/\/www.doxsg.com\/#\/schema\/logo\/image\/","url":"https:\/\/www.doxsg.com\/wp-content\/uploads\/2023\/07\/DOX-logo-697x200-1.jpg","contentUrl":"https:\/\/www.doxsg.com\/wp-content\/uploads\/2023\/07\/DOX-logo-697x200-1.jpg","width":300,"height":86,"caption":"DOX SG"},"image":{"@id":"https:\/\/www.doxsg.com\/#\/schema\/logo\/image\/"},"sameAs":["https:\/\/www.facebook.com\/profile.php?id=100093206472175","https:\/\/www.linkedin.com\/in\/dox-solues-de-gerenciamento-8506a4187","https:\/\/www.instagram.com\/dox_ged"]}]}},"uagb_featured_image_src":{"full":false,"thumbnail":false,"medium":false,"medium_large":false,"large":false,"1536x1536":false,"2048x2048":false},"uagb_author_info":{"display_name":"dox-admin","author_link":"https:\/\/www.doxsg.com\/?author=1"},"uagb_comment_info":0,"uagb_excerpt":null,"_links":{"self":[{"href":"https:\/\/www.doxsg.com\/index.php?rest_route=\/wp\/v2\/pages\/20","targetHints":{"allow":["GET"]}}],"collection":[{"href":"https:\/\/www.doxsg.com\/index.php?rest_route=\/wp\/v2\/pages"}],"about":[{"href":"https:\/\/www.doxsg.com\/index.php?rest_route=\/wp\/v2\/types\/page"}],"author":[{"embeddable":true,"href":"https:\/\/www.doxsg.com\/index.php?rest_route=\/wp\/v2\/users\/1"}],"replies":[{"embeddable":true,"href":"https:\/\/www.doxsg.com\/index.php?rest_route=%2Fwp%2Fv2%2Fcomments&post=20"}],"version-history":[{"count":63,"href":"https:\/\/www.doxsg.com\/index.php?rest_route=\/wp\/v2\/pages\/20\/revisions"}],"predecessor-version":[{"id":1030,"href":"https:\/\/www.doxsg.com\/index.php?rest_route=\/wp\/v2\/pages\/20\/revisions\/1030"}],"wp:attachment":[{"href":"https:\/\/www.doxsg.com\/index.php?rest_route=%2Fwp%2Fv2%2Fmedia&parent=20"}],"curies":[{"name":"wp","href":"https:\/\/api.w.org\/{rel}","templated":true}]}}